{"id":1692,"date":"2019-09-10T16:04:56","date_gmt":"2019-09-10T14:04:56","guid":{"rendered":"https:\/\/foliarex.com.pl\/gospodarka-cyrkularna\/"},"modified":"2019-11-04T10:54:32","modified_gmt":"2019-11-04T09:54:32","slug":"kreislaufwirtschaft","status":"publish","type":"page","link":"https:\/\/foliarex.com.pl\/de\/kreislaufwirtschaft\/","title":{"rendered":"Kreislaufwirtschaft"},"content":{"rendered":"<h2 style=\"text-align: center;\">Unsere Betrachtungsweise von Naturschutz und Grunds\u00e4tzen der Kreislaufwirtschaft<\/h2>\n<div>\n<ol>\n<li style=\"text-align: justify;\">90% des Sortiments, das von der Gruppe Foliarex hergestellt wird, beruht auf homogene Rezepturen (auf der Basis von Polyethylen und Polypropylen), die v\u00f6llig wiederverwertbar sind.<\/li>\n<li style=\"text-align: justify;\">Der Stand der Produktionsabf\u00e4lle \u00fcberschreitet 3% nicht und ist fast ganz wiederverwertbar und bei dem weiteren Herstellungsprozess gebraucht.<\/li>\n<li style=\"text-align: justify;\">Foliarex Tworzywa Specjalne ist ein Unternehmen, das im Rahmen der Gruppe Foliarex \u00fcber 90% unserer Abf\u00e4lle zur\u00fcckgewinnt. Zus\u00e4tzlich f\u00fchrt der Betrieb die getrennte Sammlung von Folienprodukten und stellt somit zum Umlauf \u00fcber 500 Tonnen abgenutzten Polyethylens monatlich wieder her.<\/li>\n<li style=\"text-align: justify;\">Die Mehrheit der von uns ausgenutzten Stoffe ist in Silos und Big-Bags abgelagert, was den Verschlie\u00df von S\u00e4cken aus Polyethylen zum Verpacken der Rohstoffe deutlich verringert.<\/li>\n<li style=\"text-align: justify;\">Dort, wo der Gebrauch von Rohstoffen in S\u00e4cken notwendig ist, f\u00fchren wir die getrennte wiederverwertbare Sammlung von S\u00e4cken nach Rohstoffen. Auf solche Art und Weise stellen wir zum Umlauf in jedem Monat \u00fcber 50 Tausend S\u00e4cke nach Rohstoffen wieder her.<\/li>\n<li style=\"text-align: justify;\">Die Mehrheit unserer Heizungsger\u00e4te wurde mit Thermom\u00e4nteln ausgestattet, was den W\u00e4rmeverlust und Energieverbrauch im technischen Verlauf beschr\u00e4nkt.<\/li>\n<li style=\"text-align: justify;\">Mit einem systematischen Austauschen des Maschinenparks verringern wir dank der Anwendung von energiesparenden Antriebssystemen Energieverbrauch.<\/li>\n<li style=\"text-align: justify;\">Wir f\u00fchren fortlaufende Studien im Bereich neuer Stoffe durch, die den Energieverbrauch durch Senkung von Verarbeitungstemperatur und Schwei\u00dftemperatur der Folienerzeugnisse zu reduzieren erlauben.<\/li>\n<li style=\"text-align: justify;\">Unseren Kunden bieten wir die Begutachtung im Bereich von Energieeinsparung durch die Anwendung von Folienprodukten mit gesenkten Verarbeitungstemperaturen (betrifft vor allem Verpackungsautomaten) im Prozess an.<\/li>\n<\/ol>\n<\/div>\n","protected":false},"excerpt":{"rendered":"<p>Unsere Betrachtungsweise von Naturschutz und Grunds\u00e4tzen der Kreislaufwirtschaft 90% des Sortiments, das von der Gruppe Foliarex hergestellt wird, beruht auf homogene Rezepturen (auf der Basis von Polyethylen und Polypropylen), die v\u00f6llig wiederverwertbar sind. Der Stand der Produktionsabf\u00e4lle \u00fcberschreitet 3% nicht und ist fast ganz wiederverwertbar und bei dem weiteren Herstellungsprozess<span class=\"excerpt-hellip\"> [\u2026]<\/span><\/p>\n","protected":false},"author":4,"featured_media":0,"parent":0,"menu_order":0,"comment_status":"closed","ping_status":"open","template":"","meta":[],"_links":{"self":[{"href":"https:\/\/foliarex.com.pl\/de\/wp-json\/wp\/v2\/pages\/1692\/"}],"collection":[{"href":"https:\/\/foliarex.com.pl\/de\/wp-json\/wp\/v2\/pages\/"}],"about":[{"href":"https:\/\/foliarex.com.pl\/de\/wp-json\/wp\/v2\/types\/page\/"}],"author":[{"embeddable":true,"href":"https:\/\/foliarex.com.pl\/de\/wp-json\/wp\/v2\/users\/4\/"}],"replies":[{"embeddable":true,"href":"https:\/\/foliarex.com.pl\/de\/wp-json\/wp\/v2\/comments\/?post=1692"}],"version-history":[{"count":1,"href":"https:\/\/foliarex.com.pl\/de\/wp-json\/wp\/v2\/pages\/1692\/revisions\/"}],"predecessor-version":[{"id":1695,"href":"https:\/\/foliarex.com.pl\/de\/wp-json\/wp\/v2\/pages\/1692\/revisions\/1695\/"}],"wp:attachment":[{"href":"https:\/\/foliarex.com.pl\/de\/wp-json\/wp\/v2\/media\/?parent=1692"}],"curies":[{"name":"wp","href":"https:\/\/api.w.org\/{rel}","templated":true}]}}