{"id":1783,"date":"2019-07-12T12:22:05","date_gmt":"2019-07-12T10:22:05","guid":{"rendered":"https:\/\/foliarex.com.pl\/produkt\/strotex-q-tpu\/"},"modified":"2021-07-28T16:32:33","modified_gmt":"2021-07-28T14:32:33","slug":"strotex-q-tpu","status":"publish","type":"product","link":"https:\/\/foliarex.com.pl\/de\/produkt\/strotex-q-tpu\/","title":{"rendered":"STROTEX-Q TPU (180 g\/210 g)"},"content":{"rendered":"<div class=\"section_wrapper mcb-section-inner\">\n<div class=\"wrap mcb-wrap one-second valign-top clearfix mte-product-content-icon-wrapper\">\n<div class=\"mcb-wrap-inner\">\n<div class=\"column mcb-column one-fourth column_column \">\n<div class=\"column_attr clearfix\" style=\"background-color: #ffffff;\">\n<div class=\"image_frame image_item no_link scale-with-grid no_border\">\n<div class=\"image_wrapper\">\n<div class=\"section_wrapper mcb-section-inner\">\n<div class=\"wrap mcb-wrap one-second valign-top clearfix mte-product-content-icon-wrapper\">\n<div class=\"mcb-wrap-inner\">\n<div class=\"column mcb-column one-fourth column_column \">\n<div class=\"column_attr clearfix\" style=\"background-color: #ffffff;\">\n<div class=\"image_frame image_item no_link scale-with-grid no_border\">\n<div class=\"image_wrapper\"><img loading=\"lazy\" class=\"scale-with-grid\" title=\"\" src=\"\/wp-content\/uploads\/2018\/12\/ico_1.png\" alt=\"\" width=\"74\" height=\"74\" \/><\/div>\n<\/div>\n<\/div>\n<\/div>\n<div class=\"column mcb-column three-fourth column_column \">\n<div class=\"column_attr clearfix align_left mte-product-content-icon-caption\">hohe Wasserdampfdurchl\u00e4ssigkeit<\/div>\n<\/div>\n<\/div>\n<\/div>\n<div class=\"wrap mcb-wrap one-second valign-top clearfix mte-product-content-icon-wrapper\">\n<div class=\"mcb-wrap-inner\">\n<div class=\"column mcb-column one-fourth column_column \">\n<div class=\"column_attr clearfix\" style=\"background-color: #ffffff;\">\n<div class=\"image_frame image_item no_link scale-with-grid no_border\">\n<div class=\"image_wrapper\"><img loading=\"lazy\" class=\"scale-with-grid\" title=\"\" src=\"\/wp-content\/uploads\/2018\/12\/ico14.png\" alt=\"\" width=\"74\" height=\"74\" \/><\/div>\n<\/div>\n<\/div>\n<\/div>\n<div class=\"column mcb-column three-fourth column_column \">\n<div class=\"column_attr clearfix align_left mte-product-content-icon-caption\">v\u00f6llig wasserfest<\/div>\n<\/div>\n<\/div>\n<\/div>\n<\/div>\n<div class=\"section_wrapper mcb-section-inner\">\n<div class=\"wrap mcb-wrap one-second valign-top clearfix mte-product-content-icon-wrapper\">\n<div class=\"mcb-wrap-inner\">\n<div class=\"column mcb-column one-fourth column_column \">\n<div class=\"column_attr clearfix\" style=\"background-color: #ffffff;\">\n<div class=\"image_frame image_item no_link scale-with-grid no_border\">\n<div class=\"image_wrapper\"><img loading=\"lazy\" class=\"scale-with-grid\" title=\"\" src=\"\/wp-content\/uploads\/2018\/12\/ico4.png\" alt=\"\" width=\"74\" height=\"74\" \/><\/div>\n<\/div>\n<\/div>\n<\/div>\n<div class=\"column mcb-column three-fourth column_column \">\n<div class=\"column_attr clearfix align_left mte-product-content-icon-caption\">Material, das gegen Wind isoliert<\/div>\n<\/div>\n<\/div>\n<\/div>\n<div class=\"wrap mcb-wrap one-second valign-top clearfix mte-product-content-icon-wrapper\">\n<div class=\"mcb-wrap-inner\">\n<div class=\"column mcb-column one-fourth column_column \">\n<div class=\"column_attr clearfix\" style=\"background-color: #ffffff;\">\n<div class=\"image_frame image_item no_link scale-with-grid no_border\">\n<div class=\"image_wrapper\"><img loading=\"lazy\" class=\"scale-with-grid\" title=\"\" src=\"\/wp-content\/uploads\/2018\/12\/ico8.png\" alt=\"\" width=\"74\" height=\"74\" \/><\/div>\n<\/div>\n<\/div>\n<\/div>\n<div class=\"column mcb-column three-fourth column_column \">\n<div class=\"column_attr clearfix align_left mte-product-content-icon-caption\">ausgestattet mit spezieller Antireflektionsbeschichtung<\/div>\n<\/div>\n<\/div>\n<\/div>\n<\/div>\n<\/div>\n<\/div>\n<\/div>\n<\/div>\n<\/div>\n<\/div>\n<\/div>\n","protected":false},"excerpt":{"rendered":"<p style=\"text-align: justify;\">Strotex-Q TPU ist eine hochdampfdurchl\u00e4ssige elastische Dachmembranen mit gro\u00dfer mechanischer Festigkeit, die aus zwei Schichten besteht:<br \/>\n\u2013 einem elastischen, wasserdichten, dampfdurchl\u00e4ssigen, funktionellen Film TPU,<br \/>\n\u2013 einer Nadelvliese, die \u00fcberm\u00e4\u00dfige Feuchtigkeit in Poren mit h\u00f6herer Feuchtigkeit absorbieren und sie abgeben sollte, wenn der Grad des Wasserdampfs in der Luft sinkt.<\/p>\n","protected":false},"featured_media":1784,"template":"","meta":[],"_links":{"self":[{"href":"https:\/\/foliarex.com.pl\/de\/wp-json\/wp\/v2\/product\/1783\/"}],"collection":[{"href":"https:\/\/foliarex.com.pl\/de\/wp-json\/wp\/v2\/product\/"}],"about":[{"href":"https:\/\/foliarex.com.pl\/de\/wp-json\/wp\/v2\/types\/product\/"}],"wp:featuredmedia":[{"embeddable":true,"href":"https:\/\/foliarex.com.pl\/de\/wp-json\/wp\/v2\/media\/1784\/"}],"wp:attachment":[{"href":"https:\/\/foliarex.com.pl\/de\/wp-json\/wp\/v2\/media\/?parent=1783"}],"curies":[{"name":"wp","href":"https:\/\/api.w.org\/{rel}","templated":true}]}}