{"id":1795,"date":"2019-07-13T12:18:16","date_gmt":"2019-07-12T10:18:16","guid":{"rendered":"https:\/\/foliarex.com.pl\/produkt\/strotex-q-advanced-plus\/"},"modified":"2021-07-28T16:30:42","modified_gmt":"2021-07-28T14:30:42","slug":"strotex-q-advanced-plus","status":"publish","type":"product","link":"https:\/\/foliarex.com.pl\/de\/produkt\/strotex-q-advanced-plus\/","title":{"rendered":"STROTEX-Q ADVANCED PLUS (260 g)"},"content":{"rendered":"<div class=\"section_wrapper mcb-section-inner\">\n<div class=\"wrap mcb-wrap one-second valign-top clearfix mte-product-content-icon-wrapper\">\n<div class=\"mcb-wrap-inner\">\n<div class=\"column mcb-column one-fourth column_column \">\n<div class=\"column_attr clearfix\" style=\"background-color: #ffffff;\">\n<div class=\"image_frame image_item no_link scale-with-grid no_border\">\n<div class=\"image_wrapper\">\n<div class=\"section_wrapper mcb-section-inner\">\n<div class=\"wrap mcb-wrap one-second valign-top clearfix mte-product-content-icon-wrapper\">\n<div class=\"mcb-wrap-inner\">\n<div class=\"column mcb-column one-fourth column_column \">\n<div class=\"column_attr clearfix\" style=\"background-color: #ffffff;\">\n<div class=\"image_frame image_item no_link scale-with-grid no_border\">\n<div class=\"image_wrapper\">\n<div class=\"section_wrapper mcb-section-inner\">\n<div class=\"wrap mcb-wrap one-second valign-top clearfix mte-product-content-icon-wrapper\">\n<div class=\"mcb-wrap-inner\">\n<div class=\"column mcb-column one-fourth column_column \">\n<div class=\"column_attr clearfix\" style=\"background-color: #ffffff;\">\n<div class=\"image_frame image_item no_link scale-with-grid no_border\">\n<div class=\"image_wrapper\"><img loading=\"lazy\" class=\"scale-with-grid\" title=\"\" src=\"\/wp-content\/uploads\/2018\/12\/ico_1.png\" alt=\"\" width=\"74\" height=\"74\" \/><\/div>\n<\/div>\n<\/div>\n<\/div>\n<div class=\"column mcb-column three-fourth column_column \">\n<div class=\"column_attr clearfix align_left mte-product-content-icon-caption\">hohe Wasserdampfdurchl\u00e4ssigkeit<\/div>\n<\/div>\n<\/div>\n<\/div>\n<div class=\"wrap mcb-wrap one-second valign-top clearfix mte-product-content-icon-wrapper\">\n<div class=\"mcb-wrap-inner\">\n<div class=\"column mcb-column one-fourth column_column \">\n<div class=\"column_attr clearfix\" style=\"background-color: #ffffff;\">\n<div class=\"image_frame image_item no_link scale-with-grid no_border\">\n<div class=\"image_wrapper\"><img loading=\"lazy\" class=\"scale-with-grid\" title=\"\" src=\"\/wp-content\/uploads\/2018\/12\/ico14.png\" alt=\"\" width=\"74\" height=\"74\" \/><\/div>\n<\/div>\n<\/div>\n<\/div>\n<div class=\"column mcb-column three-fourth column_column \">\n<div class=\"column_attr clearfix align_left mte-product-content-icon-caption\">v\u00f6llig wasserfest<\/div>\n<\/div>\n<\/div>\n<\/div>\n<\/div>\n<div class=\"section_wrapper mcb-section-inner\">\n<div class=\"wrap mcb-wrap one-second valign-top clearfix mte-product-content-icon-wrapper\">\n<div class=\"mcb-wrap-inner\">\n<div class=\"column mcb-column one-fourth column_column \">\n<div class=\"column_attr clearfix\" style=\"background-color: #ffffff;\">\n<div class=\"image_frame image_item no_link scale-with-grid no_border\">\n<div class=\"image_wrapper\"><img loading=\"lazy\" class=\"scale-with-grid\" title=\"\" src=\"\/wp-content\/uploads\/2018\/12\/ico4.png\" alt=\"\" width=\"74\" height=\"74\" \/><\/div>\n<\/div>\n<\/div>\n<\/div>\n<div class=\"column mcb-column three-fourth column_column \">\n<div class=\"column_attr clearfix align_left mte-product-content-icon-caption\">Material, das gegen Wind isoliert<\/div>\n<\/div>\n<\/div>\n<\/div>\n<div class=\"wrap mcb-wrap one-second valign-top clearfix mte-product-content-icon-wrapper\">\n<div class=\"mcb-wrap-inner\">\n<div class=\"column mcb-column one-fourth column_column \">\n<div class=\"column_attr clearfix\" style=\"background-color: #ffffff;\">\n<div class=\"image_frame image_item no_link scale-with-grid no_border\">\n<div class=\"image_wrapper\"><img loading=\"lazy\" class=\"scale-with-grid\" title=\"\" src=\"\/wp-content\/uploads\/2018\/12\/ico8.png\" alt=\"\" width=\"74\" height=\"74\" \/><\/div>\n<\/div>\n<\/div>\n<\/div>\n<div class=\"column mcb-column three-fourth column_column \">\n<div class=\"column_attr clearfix align_left mte-product-content-icon-caption\">ausgestattet mit spezieller Antireflektionsbeschichtung<\/div>\n<\/div>\n<\/div>\n<\/div>\n<\/div>\n<\/div>\n<\/div>\n<\/div>\n<\/div>\n<\/div>\n<\/div>\n<\/div>\n<\/div>\n<\/div>\n<\/div>\n<\/div>\n<\/div>\n<\/div>\n<\/div>\n","protected":false},"excerpt":{"rendered":"<p style=\"text-align: justify;\">STROTEX-Q Advanced Plus ist eine dampfdurchl\u00e4ssige Dachmembrane, die man bei der Bau von schr\u00e4gen D\u00e4chern direkt unter die Bedachung anwendet.<\/p>\n<p style=\"text-align: justify;\">Sie wurde aus vier Schichten hergestellt. Die oberste Schicht ist ein Spinnvliesstoff, unter dem ein wasserdichter und zugleich hochdampfdurchl\u00e4ssiger funktioneller Film. Die untere Schicht ist eine Nadelvliese, die die Gefahr eines mechanischen Sch\u00e4den verkleinert und zus\u00e4tzlich W\u00e4rmelecks verringert. Das Ganze ist mit einem Netz aus Polypropylen intern verst\u00e4rkt, das hohe Festigkeit des Produktes versichert.<\/p>\n","protected":false},"featured_media":1802,"template":"","meta":[],"_links":{"self":[{"href":"https:\/\/foliarex.com.pl\/de\/wp-json\/wp\/v2\/product\/1795\/"}],"collection":[{"href":"https:\/\/foliarex.com.pl\/de\/wp-json\/wp\/v2\/product\/"}],"about":[{"href":"https:\/\/foliarex.com.pl\/de\/wp-json\/wp\/v2\/types\/product\/"}],"wp:featuredmedia":[{"embeddable":true,"href":"https:\/\/foliarex.com.pl\/de\/wp-json\/wp\/v2\/media\/1802\/"}],"wp:attachment":[{"href":"https:\/\/foliarex.com.pl\/de\/wp-json\/wp\/v2\/media\/?parent=1795"}],"curies":[{"name":"wp","href":"https:\/\/api.w.org\/{rel}","templated":true}]}}