{"id":1878,"date":"2018-10-30T11:09:11","date_gmt":"2018-10-30T10:09:11","guid":{"rendered":"https:\/\/foliarex.com.pl\/produkt\/strotex-q-supreme\/"},"modified":"2024-08-12T11:52:42","modified_gmt":"2024-08-12T09:52:42","slug":"strotex-q-supreme","status":"publish","type":"product","link":"https:\/\/foliarex.com.pl\/de\/produkt\/strotex-q-supreme\/","title":{"rendered":"STROTEX-Q SUPREME<br>(170 g\/m<sup>2<\/sup>)"},"content":{"rendered":"<div class=\"section_wrapper mcb-section-inner\">\n<div class=\"wrap mcb-wrap one-second valign-top clearfix mte-product-content-icon-wrapper\">\n<div class=\"mcb-wrap-inner\">\n<div class=\"column mcb-column one-fourth column_column \">\n<div class=\"column_attr clearfix\" style=\"background-color: #ffffff;\">\n<div class=\"image_frame image_item no_link scale-with-grid no_border\">\n<div class=\"image_wrapper\">\n<div class=\"section_wrapper mcb-section-inner\">\n<div class=\"wrap mcb-wrap one-second valign-top clearfix mte-product-content-icon-wrapper\">\n<div class=\"mcb-wrap-inner\">\n<div class=\"column mcb-column one-fourth column_column \">\n<div class=\"column_attr clearfix\" style=\"background-color: #ffffff;\">\n<div class=\"image_frame image_item no_link scale-with-grid no_border\">\n<div class=\"image_wrapper\">\n<div class=\"section_wrapper mcb-section-inner\">\n<div class=\"wrap mcb-wrap one-second valign-top clearfix mte-product-content-icon-wrapper\">\n<div class=\"mcb-wrap-inner\">\n<div class=\"column mcb-column one-fourth column_column \">\n<div class=\"column_attr clearfix\" style=\"background-color: #ffffff;\">\n<div class=\"image_frame image_item no_link scale-with-grid no_border\">\n<div class=\"image_wrapper\">\n<div class=\"section_wrapper mcb-section-inner\">\n<div class=\"wrap mcb-wrap one-second valign-top clearfix mte-product-content-icon-wrapper\">\n<div class=\"mcb-wrap-inner\">\n<div class=\"column mcb-column one-fourth column_column \">\n<div class=\"column_attr clearfix\" style=\"background-color: #ffffff;\">\n<div class=\"image_frame image_item no_link scale-with-grid no_border\">\n<div class=\"image_wrapper\">\n<div class=\"section_wrapper mcb-section-inner\">\n<div class=\"wrap mcb-wrap one-second valign-top clearfix mte-product-content-icon-wrapper\">\n<div class=\"mcb-wrap-inner\">\n<div class=\"column mcb-column one-fourth column_column \">\n<div class=\"column_attr clearfix\" style=\"background-color: #ffffff;\">\n<div class=\"image_frame image_item no_link scale-with-grid no_border\">\n<div class=\"image_wrapper\">\n<div class=\"section_wrapper mcb-section-inner\">\n<div class=\"wrap mcb-wrap one-second valign-top clearfix mte-product-content-icon-wrapper\">\n<div class=\"mcb-wrap-inner\">\n<div class=\"column mcb-column one-fourth column_column \">\n<div class=\"column_attr clearfix\" style=\"background-color: #ffffff;\">\n<div class=\"image_frame image_item no_link scale-with-grid no_border\">\n<div class=\"image_wrapper\"><img loading=\"lazy\" class=\"scale-with-grid\" title=\"\" src=\"\/wp-content\/uploads\/2018\/12\/ico_1.png\" alt=\"\" width=\"74\" height=\"74\" \/><\/div>\n<\/div>\n<\/div>\n<\/div>\n<div class=\"column mcb-column three-fourth column_column \">\n<div class=\"column_attr clearfix align_left mte-product-content-icon-caption\">hohe Wasserdampfdurchl\u00e4ssigkeit<\/div>\n<\/div>\n<\/div>\n<\/div>\n<div class=\"wrap mcb-wrap one-second valign-top clearfix mte-product-content-icon-wrapper\">\n<div class=\"mcb-wrap-inner\">\n<div class=\"column mcb-column one-fourth column_column \">\n<div class=\"column_attr clearfix\" style=\"background-color: #ffffff;\">\n<div class=\"image_frame image_item no_link scale-with-grid no_border\">\n<div class=\"image_wrapper\"><img loading=\"lazy\" class=\"scale-with-grid\" title=\"\" src=\"\/wp-content\/uploads\/2018\/12\/ico14.png\" alt=\"\" width=\"74\" height=\"74\" \/><\/div>\n<\/div>\n<\/div>\n<\/div>\n<div class=\"column mcb-column three-fourth column_column \">\n<div class=\"column_attr clearfix align_left mte-product-content-icon-caption\">v\u00f6llig wasserfest<\/div>\n<\/div>\n<\/div>\n<\/div>\n<\/div>\n<div class=\"section_wrapper mcb-section-inner\">\n<div class=\"wrap mcb-wrap one-second valign-top clearfix mte-product-content-icon-wrapper\">\n<div class=\"mcb-wrap-inner\">\n<div class=\"column mcb-column one-fourth column_column \">\n<div class=\"column_attr clearfix\" style=\"background-color: #ffffff;\">\n<div class=\"image_frame image_item no_link scale-with-grid no_border\">\n<div class=\"image_wrapper\"><img loading=\"lazy\" class=\"scale-with-grid\" title=\"\" src=\"\/wp-content\/uploads\/2018\/12\/ico4.png\" alt=\"\" width=\"74\" height=\"74\" \/><\/div>\n<\/div>\n<\/div>\n<\/div>\n<div class=\"column mcb-column three-fourth column_column \">\n<div class=\"column_attr clearfix align_left mte-product-content-icon-caption\">Material, das gegen Wind isoliert<\/div>\n<\/div>\n<\/div>\n<\/div>\n<div class=\"wrap mcb-wrap one-second valign-top clearfix mte-product-content-icon-wrapper\">\n<div class=\"mcb-wrap-inner\">\n<div class=\"column mcb-column one-fourth column_column \">\n<div class=\"column_attr clearfix\" style=\"background-color: #ffffff;\">\n<div class=\"image_frame image_item no_link scale-with-grid no_border\">\n<div class=\"image_wrapper\"><img loading=\"lazy\" class=\"scale-with-grid\" title=\"\" src=\"\/wp-content\/uploads\/2018\/12\/ico8.png\" alt=\"\" width=\"74\" height=\"74\" \/><\/div>\n<\/div>\n<\/div>\n<\/div>\n<div class=\"column mcb-column three-fourth column_column \">\n<div class=\"column_attr clearfix align_left mte-product-content-icon-caption\">ausgestattet mit spezieller Antireflektionsbeschichtung<\/div>\n<\/div>\n<\/div>\n<\/div>\n<\/div>\n<\/div>\n<\/div>\n<\/div>\n<\/div>\n<\/div>\n<\/div>\n<\/div>\n<\/div>\n<\/div>\n<\/div>\n<\/div>\n<\/div>\n<\/div>\n<\/div>\n<\/div>\n<\/div>\n<\/div>\n<\/div>\n<\/div>\n<\/div>\n<\/div>\n<\/div>\n<\/div>\n<\/div>\n<\/div>\n<\/div>\n<\/div>\n<\/div>\n<\/div>\n<\/div>\n<\/div>\n<\/div>\n<\/div>\n<\/div>\n<\/div>\n","protected":false},"excerpt":{"rendered":"<p style=\"text-align: justify;\">Wir erf\u00fcllen die Erwartungen unserer Anwender und f\u00fchren auf den Markt eine neue Marke von Dachmembranen STROTEX-Q ein.<\/p>\n<p style=\"text-align: justify;\">Diese Membranen sind neueste technologische Entwicklung in der Produktion von Dachmembranen. Dank der Anwendung von der Technologie des Doppelfasers (TDF) in Herstellverfahren erreicht die Membrane hohe Best\u00e4ndigkeit gegen Verwitterung und Besch\u00e4digungen w\u00e4hrend der Montage.<\/p>\n<p style=\"text-align: justify;\">Die Membrane beeinflusst bedeutend die Sicherung der W\u00e4rmeisolierung des Dachs und erh\u00f6ht thermische Effizienz des ganzen Systems.<\/p>\n","protected":false},"featured_media":1819,"template":"","meta":[],"_links":{"self":[{"href":"https:\/\/foliarex.com.pl\/de\/wp-json\/wp\/v2\/product\/1878\/"}],"collection":[{"href":"https:\/\/foliarex.com.pl\/de\/wp-json\/wp\/v2\/product\/"}],"about":[{"href":"https:\/\/foliarex.com.pl\/de\/wp-json\/wp\/v2\/types\/product\/"}],"wp:featuredmedia":[{"embeddable":true,"href":"https:\/\/foliarex.com.pl\/de\/wp-json\/wp\/v2\/media\/1819\/"}],"wp:attachment":[{"href":"https:\/\/foliarex.com.pl\/de\/wp-json\/wp\/v2\/media\/?parent=1878"}],"curies":[{"name":"wp","href":"https:\/\/api.w.org\/{rel}","templated":true}]}}