{"id":1887,"date":"2018-10-30T11:07:01","date_gmt":"2018-10-30T10:07:01","guid":{"rendered":"https:\/\/foliarex.com.pl\/produkt\/strotex-toples\/"},"modified":"2024-08-12T12:01:17","modified_gmt":"2024-08-12T10:01:17","slug":"strotex-toples","status":"publish","type":"product","link":"https:\/\/foliarex.com.pl\/de\/produkt\/strotex-toples\/","title":{"rendered":"STROTEX TOPLES (90 g)"},"content":{"rendered":"<div class=\"section_wrapper mcb-section-inner\">\n<div class=\"wrap mcb-wrap one-second valign-top clearfix mte-product-content-icon-wrapper\">\n<div class=\"mcb-wrap-inner\">\n<div class=\"column mcb-column one-fourth column_column \">\n<div class=\"column_attr clearfix\" style=\"background-color: #ffffff;\">\n<div class=\"image_frame image_item no_link scale-with-grid no_border\">\n<div class=\"image_wrapper\"><img loading=\"lazy\" class=\"scale-with-grid\" title=\"\" src=\"\/wp-content\/uploads\/2018\/12\/ico_1.png\" alt=\"\" width=\"74\" height=\"74\" \/><\/div>\n<\/div>\n<\/div>\n<\/div>\n<div class=\"column mcb-column three-fourth column_column \">\n<div class=\"column_attr clearfix align_left mte-product-content-icon-caption\">hohe Wasserdampfdurchl\u00e4ssigkeit<\/div>\n<\/div>\n<\/div>\n<\/div>\n<div class=\"wrap mcb-wrap one-second valign-top clearfix mte-product-content-icon-wrapper\">\n<div class=\"mcb-wrap-inner\">\n<div class=\"column mcb-column one-fourth column_column \">\n<div class=\"column_attr clearfix\" style=\"background-color: #ffffff;\">\n<div class=\"image_frame image_item no_link scale-with-grid no_border\">\n<div class=\"image_wrapper\"><img loading=\"lazy\" class=\"scale-with-grid\" title=\"\" src=\"\/wp-content\/uploads\/2018\/12\/ico14.png\" alt=\"\" width=\"74\" height=\"74\" \/><\/div>\n<\/div>\n<\/div>\n<\/div>\n<div class=\"column mcb-column three-fourth column_column \">\n<div class=\"column_attr clearfix align_left mte-product-content-icon-caption\">v\u00f6llig wasserfest<\/div>\n<\/div>\n<\/div>\n<\/div>\n<\/div>\n<div class=\"section_wrapper mcb-section-inner\">\n<div class=\"wrap mcb-wrap one-second valign-top clearfix mte-product-content-icon-wrapper\">\n<div class=\"mcb-wrap-inner\">\n<div class=\"column mcb-column one-fourth column_column \">\n<div class=\"column_attr clearfix\" style=\"background-color: #ffffff;\">\n<div class=\"image_frame image_item no_link scale-with-grid no_border\">\n<div class=\"image_wrapper\"><img loading=\"lazy\" class=\"scale-with-grid\" title=\"\" src=\"\/wp-content\/uploads\/2018\/12\/ico4.png\" alt=\"\" width=\"74\" height=\"74\" \/><\/div>\n<\/div>\n<\/div>\n<\/div>\n<div class=\"column mcb-column three-fourth column_column \">\n<div class=\"column_attr clearfix align_left mte-product-content-icon-caption\">Material, das gegen Wind isoliert<\/div>\n<\/div>\n<\/div>\n<\/div>\n<div class=\"wrap mcb-wrap one-second valign-top clearfix mte-product-content-icon-wrapper\">\n<div class=\"mcb-wrap-inner\">\n<div class=\"column mcb-column one-fourth column_column \">\n<div class=\"column_attr clearfix\" style=\"background-color: #ffffff;\">\n<div class=\"image_frame image_item no_link scale-with-grid no_border\">\n<div class=\"image_wrapper\"><img loading=\"lazy\" class=\"scale-with-grid\" title=\"\" src=\"\/wp-content\/uploads\/2018\/12\/ico8.png\" alt=\"\" width=\"74\" height=\"74\" \/><\/div>\n<\/div>\n<\/div>\n<\/div>\n<div class=\"column mcb-column three-fourth column_column \">\n<div class=\"column_attr clearfix align_left mte-product-content-icon-caption\">ausgestattet mit spezieller Antireflektionsbeschichtung<\/div>\n<\/div>\n<\/div>\n<\/div>\n<\/div>\n","protected":false},"excerpt":{"rendered":"<p style=\"text-align: justify;\"><strong>Weltweite innovation in Polen!<\/strong><\/p>\n<p style=\"text-align: justify;\">Vierschichtige Dachmembranen haben schon Millionen der Kunden in Vereinigten Staaten gewonnen, jetzt unterwerfen Europa. Dank der Anwendung von neuester \u2013 aus vereinigten Staaten stammender \u2013 Technologie von der Produktion der Dachmembranen bietet Ihnen Foliarex neue Produkte der Klasse \u201eEXTREME\u201d an. Die Anwendung der besten auf der Welt Komponenten und regelm\u00e4\u00dfig durchgef\u00fchrte \u2013in professionellen Labors der Gruppe Foliarex \u2013 Tests sind eine Garantie f\u00fcr ausgezeichnete Qualit\u00e4t der Membranen und ihre zuverl\u00e4ssige Anwendung f\u00fcr viele Jahre.<\/p>\n","protected":false},"featured_media":3100,"template":"","meta":[],"_links":{"self":[{"href":"https:\/\/foliarex.com.pl\/de\/wp-json\/wp\/v2\/product\/1887\/"}],"collection":[{"href":"https:\/\/foliarex.com.pl\/de\/wp-json\/wp\/v2\/product\/"}],"about":[{"href":"https:\/\/foliarex.com.pl\/de\/wp-json\/wp\/v2\/types\/product\/"}],"wp:featuredmedia":[{"embeddable":true,"href":"https:\/\/foliarex.com.pl\/de\/wp-json\/wp\/v2\/media\/3100\/"}],"wp:attachment":[{"href":"https:\/\/foliarex.com.pl\/de\/wp-json\/wp\/v2\/media\/?parent=1887"}],"curies":[{"name":"wp","href":"https:\/\/api.w.org\/{rel}","templated":true}]}}