{"id":1964,"date":"2018-10-30T12:33:24","date_gmt":"2018-10-30T11:33:24","guid":{"rendered":"https:\/\/foliarex.com.pl\/produkt\/geostar-2500\/"},"modified":"2022-11-02T13:17:10","modified_gmt":"2022-11-02T12:17:10","slug":"geostar-2500","status":"publish","type":"product","link":"https:\/\/foliarex.com.pl\/de\/produkt\/geostar-2500\/","title":{"rendered":"GEOSTAR 2500"},"content":{"rendered":"<div class=\"section_wrapper mcb-section-inner\">\n<div class=\"wrap mcb-wrap one-second valign-top clearfix mte-product-content-icon-wrapper\">\n<div class=\"mcb-wrap-inner\">\n<div class=\"column mcb-column one-fourth column_column \">\n<div class=\"column_attr clearfix\" style=\"background-color: #ffffff;\">\n<div class=\"image_frame image_item no_link scale-with-grid no_border\">\n<div class=\"image_wrapper\">\n<div class=\"section_wrapper mcb-section-inner\">\n<div class=\"wrap mcb-wrap one-second valign-top clearfix mte-product-content-icon-wrapper\">\n<div class=\"mcb-wrap-inner\">\n<div class=\"column mcb-column one-fourth column_column \">\n<div class=\"column_attr clearfix\" style=\"background-color: #ffffff;\">\n<div class=\"image_frame image_item no_link scale-with-grid no_border\">\n<div class=\"image_wrapper\">\n<div class=\"section_wrapper mcb-section-inner\">\n<div class=\"wrap mcb-wrap one-second valign-top clearfix mte-product-content-icon-wrapper\">\n<div class=\"mcb-wrap-inner\">\n<div class=\"column mcb-column one-fourth column_column \">\n<div class=\"column_attr clearfix\" style=\"background-color: #ffffff;\">\n<div class=\"image_frame image_item no_link scale-with-grid no_border\">\n<div class=\"image_wrapper\">\n<div class=\"section_wrapper mcb-section-inner\">\n<div class=\"wrap mcb-wrap one-second valign-top clearfix mte-product-content-icon-wrapper\">\n<div class=\"mcb-wrap-inner\">\n<div class=\"column mcb-column one-fourth column_column \">\n<div class=\"column_attr clearfix\" style=\"background-color: #ffffff;\">\n<div class=\"image_frame image_item no_link scale-with-grid no_border\">\n<div class=\"image_wrapper\">\n<div class=\"section_wrapper mcb-section-inner\">\n<div class=\"wrap mcb-wrap one-second valign-top clearfix mte-product-content-icon-wrapper\">\n<div class=\"mcb-wrap-inner\">\n<div class=\"column mcb-column one-fourth column_column \">\n<div class=\"column_attr clearfix\" style=\"background-color: #ffffff;\">\n<div class=\"image_frame image_item no_link scale-with-grid no_border\">\n<div class=\"image_wrapper\"><img loading=\"lazy\" class=\"scale-with-grid\" title=\"\" src=\"\/wp-content\/uploads\/2018\/12\/ico12.png\" alt=\"\" width=\"74\" height=\"74\" \/><\/div>\n<\/div>\n<\/div>\n<\/div>\n<div class=\"column mcb-column three-fourth column_column \">\n<div class=\"column_attr clearfix align_left mte-product-content-icon-caption\">gegen chemische Substanzen best\u00e4ndig<\/div>\n<\/div>\n<\/div>\n<\/div>\n<div class=\"wrap mcb-wrap one-second valign-top clearfix mte-product-content-icon-wrapper\">\n<div class=\"mcb-wrap-inner\">\n<div class=\"column mcb-column one-fourth column_column \">\n<div class=\"column_attr clearfix\" style=\"background-color: #ffffff;\">\n<div class=\"image_frame image_item no_link scale-with-grid no_border\">\n<div class=\"image_wrapper\"><img loading=\"lazy\" class=\"scale-with-grid\" title=\"\" src=\"\/wp-content\/uploads\/2018\/12\/ico12.png\" alt=\"\" width=\"74\" height=\"74\" \/><\/div>\n<\/div>\n<\/div>\n<\/div>\n<div class=\"column mcb-column three-fourth column_column \">\n<div class=\"column_attr clearfix align_left mte-product-content-icon-caption\">gegen Alterung best\u00e4ndig<\/div>\n<\/div>\n<\/div>\n<\/div>\n<\/div>\n<div class=\"section_wrapper mcb-section-inner\">\n<div class=\"wrap mcb-wrap one-second valign-top clearfix mte-product-content-icon-wrapper\">\n<div class=\"mcb-wrap-inner\">\n<div class=\"column mcb-column one-fourth column_column \">\n<div class=\"column_attr clearfix\" style=\"background-color: #ffffff;\">\n<div class=\"image_frame image_item no_link scale-with-grid no_border\">\n<div class=\"image_wrapper\"><img loading=\"lazy\" class=\"scale-with-grid\" title=\"\" src=\"\/wp-content\/uploads\/2018\/12\/ico12.png\" alt=\"\" width=\"74\" height=\"74\" \/><\/div>\n<\/div>\n<\/div>\n<\/div>\n<div class=\"column mcb-column three-fourth column_column \">\n<div class=\"column_attr clearfix align_left mte-product-content-icon-caption\">mikrobiologisch best\u00e4ndig<\/div>\n<\/div>\n<\/div>\n<\/div>\n<div class=\"wrap mcb-wrap one-second valign-top clearfix mte-product-content-icon-wrapper\">\n<div class=\"mcb-wrap-inner\">\n<div class=\"column mcb-column one-fourth column_column \">\n<div class=\"column_attr clearfix\" style=\"background-color: #ffffff;\">\n<div class=\"image_frame image_item no_link scale-with-grid no_border\">\n<div class=\"image_wrapper\"><img loading=\"lazy\" class=\"scale-with-grid\" title=\"\" src=\"\/wp-content\/uploads\/2018\/12\/ico5.png\" alt=\"\" width=\"74\" height=\"74\" \/><\/div>\n<\/div>\n<\/div>\n<\/div>\n<div class=\"column mcb-column three-fourth column_column \">\n<div class=\"column_attr clearfix align_left mte-product-content-icon-caption\">hohe mechanische Eigenschaften<\/div>\n<\/div>\n<\/div>\n<\/div>\n<\/div>\n<\/div>\n<\/div>\n<\/div>\n<\/div>\n<\/div>\n<\/div>\n<\/div>\n<\/div>\n<\/div>\n<\/div>\n<\/div>\n<\/div>\n<\/div>\n<\/div>\n<\/div>\n<\/div>\n<\/div>\n<\/div>\n<\/div>\n<\/div>\n<\/div>\n<\/div>\n<\/div>\n<\/div>\n<\/div>\n<\/div>\n<\/div>\n<\/div>\n","protected":false},"excerpt":{"rendered":"<p style=\"text-align: justify;\">Die Geomembrane HDPE \u201eGeostar\u201d eine synthetische Barriere aus Polyethylen gro\u00dfer Dicke, die wasserdichten und gasdichten Schutz f\u00fcr den Grund bildet, ist zurzeit das beste und damit popul\u00e4rste und am meisten angewandte Isoliermaterial.<\/p>\n","protected":false},"featured_media":1948,"template":"","meta":[],"_links":{"self":[{"href":"https:\/\/foliarex.com.pl\/de\/wp-json\/wp\/v2\/product\/1964\/"}],"collection":[{"href":"https:\/\/foliarex.com.pl\/de\/wp-json\/wp\/v2\/product\/"}],"about":[{"href":"https:\/\/foliarex.com.pl\/de\/wp-json\/wp\/v2\/types\/product\/"}],"wp:featuredmedia":[{"embeddable":true,"href":"https:\/\/foliarex.com.pl\/de\/wp-json\/wp\/v2\/media\/1948\/"}],"wp:attachment":[{"href":"https:\/\/foliarex.com.pl\/de\/wp-json\/wp\/v2\/media\/?parent=1964"}],"curies":[{"name":"wp","href":"https:\/\/api.w.org\/{rel}","templated":true}]}}