{"id":1990,"date":"2018-11-22T11:36:35","date_gmt":"2018-11-22T10:36:35","guid":{"rendered":"https:\/\/foliarex.com.pl\/produkt\/worki-i-przekladki\/"},"modified":"2019-11-07T09:57:17","modified_gmt":"2019-11-07T08:57:17","slug":"saecke-und-schutzschichte","status":"publish","type":"product","link":"https:\/\/foliarex.com.pl\/de\/produkt\/saecke-und-schutzschichte\/","title":{"rendered":"S\u00c4CKE UND SCHUTZSCHICHTE"},"content":{"rendered":"","protected":false},"excerpt":{"rendered":"<p style=\"text-align: justify;\">Au\u00dfer Verpackungsfolien und Schrumpffolien zum Packen der M\u00f6bel und Matratzen verwendet man S\u00e4cke. Je nach dem Bedarf und der Methode des Packens sind zur Produktion der S\u00e4cke Verpackungsfolien und Schrumpffolien gebraucht.<\/p>\n<p style=\"text-align: justify;\">Zur Produktion unserer S\u00e4cke verwenden wir die Zus\u00e4tze, die \u00d6ffnen und Festigkeit, Festigkeit der Schwei\u00dfn\u00e4hte verbessern sollten.<\/p>\n<p style=\"text-align: justify;\">Im Hinblick auf Stelle der Schwei\u00dfnaht teilen wir die S\u00e4cke in :<\/p>\n<p style=\"text-align: justify;\">\u2013 diese mit unterer Schwei\u00dfnaht<br \/>\nBreite min . 150 mm, max 2000 mm<br \/>\nL\u00e4nge min. 150 mm , max 10000 mm<\/p>\n<p style=\"text-align: justify;\">\u2013 diese mit Seitenschwei\u00dfnaht<br \/>\nBreite min 300 mm , max 2000 mm<br \/>\nL\u00e4nge min 500 mm , max 10000 mm<\/p>\n<p style=\"text-align: justify;\">Wir haben die M\u00f6glichkeit, S\u00e4cken und Schutzschichte herzustellen, die auf eine Buchse zum Abrei\u00dfen aufgewickelt werden, was den notwendigen Platz beim Stand zum Packen verringert.<\/p>\n","protected":false},"featured_media":1991,"template":"","meta":[],"_links":{"self":[{"href":"https:\/\/foliarex.com.pl\/de\/wp-json\/wp\/v2\/product\/1990\/"}],"collection":[{"href":"https:\/\/foliarex.com.pl\/de\/wp-json\/wp\/v2\/product\/"}],"about":[{"href":"https:\/\/foliarex.com.pl\/de\/wp-json\/wp\/v2\/types\/product\/"}],"wp:featuredmedia":[{"embeddable":true,"href":"https:\/\/foliarex.com.pl\/de\/wp-json\/wp\/v2\/media\/1991\/"}],"wp:attachment":[{"href":"https:\/\/foliarex.com.pl\/de\/wp-json\/wp\/v2\/media\/?parent=1990"}],"curies":[{"name":"wp","href":"https:\/\/api.w.org\/{rel}","templated":true}]}}