{"id":1993,"date":"2018-10-31T14:49:04","date_gmt":"2018-10-31T13:49:04","guid":{"rendered":"https:\/\/foliarex.com.pl\/produkt\/folia-opakowaniowa\/"},"modified":"2019-11-07T10:08:19","modified_gmt":"2019-11-07T09:08:19","slug":"verpackungsfolie","status":"publish","type":"product","link":"https:\/\/foliarex.com.pl\/de\/produkt\/verpackungsfolie\/","title":{"rendered":"VERPACKUNGSFOLIE"},"content":{"rendered":"<div class=\"section_wrapper mcb-section-inner\">\n<div class=\"wrap mcb-wrap one-second valign-top clearfix mte-product-content-icon-wrapper\">\n<div class=\"mcb-wrap-inner\">\n<div class=\"column mcb-column one-fourth column_column \">\n<div class=\"column_attr clearfix\" style=\"background-color: #ffffff;\">\n<div class=\"image_frame image_item no_link scale-with-grid no_border\">\n<div class=\"image_wrapper\"><img loading=\"lazy\" class=\"scale-with-grid\" title=\"\" src=\"\/wp-content\/uploads\/2018\/10\/rekaw.jpg\" alt=\"\" width=\"100\" height=\"100\" \/><\/div>\n<\/div>\n<\/div>\n<\/div>\n<div class=\"column mcb-column three-fourth column_column \">\n<div class=\"column_attr clearfix align_left mte-product-content-icon-caption\">\u00c4rmel<\/div>\n<\/div>\n<\/div>\n<\/div>\n<div class=\"wrap mcb-wrap one-second valign-top clearfix mte-product-content-icon-wrapper\">\n<div class=\"mcb-wrap-inner\">\n<div class=\"column mcb-column one-fourth column_column \">\n<div class=\"column_attr clearfix\" style=\"background-color: #ffffff;\">\n<div class=\"image_frame image_item no_link scale-with-grid no_border\">\n<div class=\"image_wrapper\"><img loading=\"lazy\" class=\"scale-with-grid\" title=\"\" src=\"\/wp-content\/uploads\/2018\/10\/rekaw_z_faldami.gif\" alt=\"\" width=\"100\" height=\"100\" \/><\/div>\n<\/div>\n<\/div>\n<\/div>\n<div class=\"column mcb-column three-fourth column_column \">\n<div class=\"column_attr clearfix align_left mte-product-content-icon-caption\">\u00c4rmel mit Falten<\/div>\n<\/div>\n<\/div>\n<\/div>\n<\/div>\n<div class=\"section_wrapper mcb-section-inner\">\n<div class=\"wrap mcb-wrap one-second valign-top clearfix mte-product-content-icon-wrapper\">\n<div class=\"mcb-wrap-inner\">\n<div class=\"column mcb-column one-fourth column_column \">\n<div class=\"column_attr clearfix\" style=\"background-color: #ffffff;\">\n<div class=\"image_frame image_item no_link scale-with-grid no_border\">\n<div class=\"image_wrapper\"><img loading=\"lazy\" class=\"scale-with-grid\" title=\"\" src=\"\/wp-content\/uploads\/2018\/10\/polrekaw.jpg\" alt=\"\" width=\"100\" height=\"100\" \/><\/div>\n<\/div>\n<\/div>\n<\/div>\n<div class=\"column mcb-column three-fourth column_column \">\n<div class=\"column_attr clearfix align_left mte-product-content-icon-caption\">Halb\u00e4rmel<\/div>\n<\/div>\n<\/div>\n<\/div>\n<div class=\"wrap mcb-wrap one-second valign-top clearfix mte-product-content-icon-wrapper\">\n<div class=\"mcb-wrap-inner\">\n<div class=\"column mcb-column one-fourth column_column \">\n<div class=\"column_attr clearfix\" style=\"background-color: #ffffff;\">\n<div class=\"image_frame image_item no_link scale-with-grid no_border\">\n<div class=\"image_wrapper\"><img loading=\"lazy\" class=\"scale-with-grid\" title=\"\" src=\"\/wp-content\/uploads\/2018\/10\/tasma.jpg\" alt=\"\" width=\"100\" height=\"100\" \/><\/div>\n<\/div>\n<\/div>\n<\/div>\n<div class=\"column mcb-column three-fourth column_column \">\n<div class=\"column_attr clearfix align_left mte-product-content-icon-caption\">B\u00e4nder<\/div>\n<\/div>\n<\/div>\n<\/div>\n<\/div>\n","protected":false},"excerpt":{"rendered":"<p style=\"text-align: justify;\">Grundparameter der Verpackungsfolien :<\/p>\n<p style=\"text-align: justify;\">\u2013 Breite\u00a0ab 150 mm bis zu 60000 m<br \/>\n\u2013 Dicke ab 0,018 mm bis zu 0,250 mm<\/p>\n<p style=\"text-align: justify;\">Auf Wunsch des Kunden k\u00f6nnen wir die von uns hergestellten Folien in der Technologie der Koextrusion (Folie des Typs COEX) ausgef\u00fchrt werden, die die Anwendung eines Produktes mit niedrigerem Gewicht und die Senkung der Kosten des Produktes ohne Einfluss auf Festigkeit der Folie.<\/p>\n<p style=\"text-align: justify;\">Die von uns hergestellten Folien k\u00f6nnen im Auftrag vom Empf\u00e4nger mit einem Informationsaufdruck bezeichnet, der \u00fcber Art des Rohmateriales informiert, aus dem die Verpackung gemacht wurde. Sie kann die Informationen \u00fcber Sicherheitsma\u00dfnahmen oder einen individuellen Aufdruck des Kunden haben.<\/p>\n<p style=\"text-align: justify;\">Um die Anforderungen des Kunden zu erf\u00fcllen, verwenden wir Zus\u00e4tze verschiedener Art, wie: Antistatikmittel, Gleitzus\u00e4tze, Farbstoffe u.\u00e4.<\/p>\n<p style=\"text-align: justify;\"><strong><span style=\"text-decoration: underline;\">Die Folien dieser Gruppe bieten wir in folgender Form an:<\/span><\/strong><\/p>\n","protected":false},"featured_media":1996,"template":"","meta":[],"_links":{"self":[{"href":"https:\/\/foliarex.com.pl\/de\/wp-json\/wp\/v2\/product\/1993\/"}],"collection":[{"href":"https:\/\/foliarex.com.pl\/de\/wp-json\/wp\/v2\/product\/"}],"about":[{"href":"https:\/\/foliarex.com.pl\/de\/wp-json\/wp\/v2\/types\/product\/"}],"wp:featuredmedia":[{"embeddable":true,"href":"https:\/\/foliarex.com.pl\/de\/wp-json\/wp\/v2\/media\/1996\/"}],"wp:attachment":[{"href":"https:\/\/foliarex.com.pl\/de\/wp-json\/wp\/v2\/media\/?parent=1993"}],"curies":[{"name":"wp","href":"https:\/\/api.w.org\/{rel}","templated":true}]}}