{"id":2018,"date":"2019-08-22T09:00:51","date_gmt":"2019-08-22T07:00:51","guid":{"rendered":"https:\/\/foliarex.com.pl\/produkt\/folia-automotive\/"},"modified":"2019-11-07T10:13:34","modified_gmt":"2019-11-07T09:13:34","slug":"folie-automotive","status":"publish","type":"product","link":"https:\/\/foliarex.com.pl\/de\/produkt\/folie-automotive\/","title":{"rendered":"FOLIE AUTOMOTIVE"},"content":{"rendered":"","protected":false},"excerpt":{"rendered":"<p style=\"text-align: justify;\">Mehrschichtige Schrumpffolie ist ein Material, das palettisierten Waren eng umspannt, deswegen eignet sich perfekt zum Schutz der Elemente, die mechanischer Besch\u00e4digung und Verschmutzung ausgesetzt wird, die infolge Lagerung oder Transport entstanden sind. Die Folie wird bei Gro\u00dfpackungen und bei verschiedenen Transportverpackungen angewandt.<\/p>\n<p style=\"text-align: justify;\">Dank modernen Maschinen 3- und 5-schichtigen k\u00f6nnen wir fortgeschrittene Rezepturen gebrauchen, die ein Produkt gem\u00e4\u00df Erwartungen des Kunden anzupassen erlauben.<\/p>\n<p style=\"text-align: justify;\"><span style=\"text-decoration: underline;\">Sie ist in folgenden Versionen verf\u00fcgbar :<\/span><br \/>\n\u2013 Hauben<br \/>\n\u2013 B\u00e4nder , \u00c4rmel und Halb\u00e4rmel, die auf der Produktionslinien bei der Anwendung von Verpackungsmaschinen gebraucht sind<br \/>\n\u2013 mit oder ohne Mikroperforation<br \/>\n\u2013 mit oder ohne Entl\u00fcftungsl\u00f6chern.<\/p>\n<p style=\"text-align: justify;\"><span style=\"text-decoration: underline;\">Grundparameter der Schrumpffolien :<\/span><br \/>\n\u2013 Breite ab 150 mm bis zu 3000 mm<br \/>\n\u2013 Dicke ab 0,018 mm bis zu 0,250 mm<\/p>\n","protected":false},"featured_media":2019,"template":"","meta":[],"_links":{"self":[{"href":"https:\/\/foliarex.com.pl\/de\/wp-json\/wp\/v2\/product\/2018\/"}],"collection":[{"href":"https:\/\/foliarex.com.pl\/de\/wp-json\/wp\/v2\/product\/"}],"about":[{"href":"https:\/\/foliarex.com.pl\/de\/wp-json\/wp\/v2\/types\/product\/"}],"wp:featuredmedia":[{"embeddable":true,"href":"https:\/\/foliarex.com.pl\/de\/wp-json\/wp\/v2\/media\/2019\/"}],"wp:attachment":[{"href":"https:\/\/foliarex.com.pl\/de\/wp-json\/wp\/v2\/media\/?parent=2018"}],"curies":[{"name":"wp","href":"https:\/\/api.w.org\/{rel}","templated":true}]}}